{"id":354,"date":"2024-03-08T10:30:11","date_gmt":"2024-03-08T13:30:11","guid":{"rendered":"https:\/\/efatainstrumentos.com.br\/blog\/?post_type=product&#038;p=354"},"modified":"2024-03-08T15:17:36","modified_gmt":"2024-03-08T18:17:36","slug":"transmissor-de-pressao-eftrp","status":"publish","type":"product","link":"https:\/\/efatainstrumentos.com.br\/blog\/produto\/transmissor-de-pressao-eftrp\/","title":{"rendered":"Transmissor de Press\u00e3o EFTRP"},"content":{"rendered":"\n<p><strong>CARACTER\u00cdSTICAS:<\/strong><br><br>Totalmente em A\u00e7o Inox AISI 304 polido;<br>Sensor Piezoresistivo;<br>Alimenta\u00e7\u00e3o de 15 \u00e0 30 Vdc;<br>Conex\u00f5es \u00bc\u201d , \u00bd\u201d NPT ou BSP, outra especificar;<br>Precis\u00e3o 0,5 % F.E, outra especificar;<br>Sinal de sa\u00edda 4 \u00e0 20 mA ( dois fios ) ou 0 \u00e0 10 Vcc( tr\u00eas fios );<br>Grau de prote\u00e7\u00e3o IP.65, outra especificar;<br>Conector DIN ou pensa cabo;<br>Prote\u00e7\u00e3o total contra a r\u00e1dio frequ\u00eancia (RF);<br>Prote\u00e7\u00e3o contra invers\u00e3o de polaridade;<br>Temperatura de trabalho 10\u00baC \u00e0 75\u00baC na eletr\u00f4nica;<br>Temperatura de trabalho 10\u00baC \u00e0 120\u00baC no sensor;<br>Fora da temperatura especificada, consultar acess\u00f3rios;<br>Tempo de amostragem 15 ms;<br>Faixa desde -1 \u00e0 1000 Bar.<\/p>\n\n\n\n<div id=\"section-ga5883d\" class=\"wp-block-gutentor-e6 section-ga5883d gutentor-element gutentor-element-image\"><div class=\"gutentor-element-image-box\"><div class=\"gutentor-image-thumb\"><img decoding=\"async\" class=\"normal-image\" src=\"https:\/\/efatainstrumentos.com.br\/blog\/wp-content\/uploads\/2024\/03\/Transmissor_de_pressao_EFTRP-caracteristicas.jpg\" \/><\/div><\/div><\/div>\n","protected":false},"excerpt":{"rendered":"<p>CARACTER\u00cdSTICAS: Totalmente em A\u00e7o Inox AISI 304 polido;Sensor Piezoresistivo;Alimenta\u00e7\u00e3o de 15 \u00e0 30 Vdc;Conex\u00f5es \u00bc\u201d , \u00bd\u201d NPT ou BSP, outra especificar;Precis\u00e3o 0,5 % F.E, outra especificar;Sinal de sa\u00edda 4 \u00e0 20 mA ( dois fios ) ou 0 \u00e0 10 Vcc( tr\u00eas fios );Grau de prote\u00e7\u00e3o IP.65, outra especificar;Conector DIN ou pensa cabo;Prote\u00e7\u00e3o total [&hellip;]<\/p>\n","protected":false},"featured_media":355,"template":"","meta":{"_seopress_robots_primary_cat":"","_seopress_titles_title":"","_seopress_titles_desc":"","_seopress_robots_index":"","_uag_custom_page_level_css":"","site-sidebar-layout":"default","site-content-layout":"","ast-site-content-layout":"default","site-content-style":"default","site-sidebar-style":"default","ast-global-header-display":"","ast-banner-title-visibility":"","ast-main-header-display":"","ast-hfb-above-header-display":"","ast-hfb-below-header-display":"","ast-hfb-mobile-header-display":"","site-post-title":"","ast-breadcrumbs-content":"","ast-featured-img":"","footer-sml-layout":"","ast-disable-related-posts":"","theme-transparent-header-meta":"","adv-header-id-meta":"","stick-header-meta":"","header-above-stick-meta":"","header-main-stick-meta":"","header-below-stick-meta":"","astra-migrate-meta-layouts":"set","ast-page-background-enabled":"default","ast-page-background-meta":{"desktop":{"background-color":"var(--ast-global-color-4)","background-image":"","background-repeat":"repeat","background-position":"center center","background-size":"auto","background-attachment":"scroll","background-type":"","background-media":"","overlay-type":"","overlay-color":"","overlay-opacity":"","overlay-gradient":""},"tablet":{"background-color":"","background-image":"","background-repeat":"repeat","background-position":"center center","background-size":"auto","background-attachment":"scroll","background-type":"","background-media":"","overlay-type":"","overlay-color":"","overlay-opacity":"","overlay-gradient":""},"mobile":{"background-color":"","background-image":"","background-repeat":"repeat","background-position":"center center","background-size":"auto","background-attachment":"scroll","background-type":"","background-media":"","overlay-type":"","overlay-color":"","overlay-opacity":"","overlay-gradient":""}},"ast-content-background-meta":{"desktop":{"background-color":"var(--ast-global-color-5)","background-image":"","background-repeat":"repeat","background-position":"center center","background-size":"auto","background-attachment":"scroll","background-type":"","background-media":"","overlay-type":"","overlay-color":"","overlay-opacity":"","overlay-gradient":""},"tablet":{"background-color":"var(--ast-global-color-5)","background-image":"","background-repeat":"repeat","background-position":"center center","background-size":"auto","background-attachment":"scroll","background-type":"","background-media":"","overlay-type":"","overlay-color":"","overlay-opacity":"","overlay-gradient":""},"mobile":{"background-color":"var(--ast-global-color-5)","background-image":"","background-repeat":"repeat","background-position":"center center","background-size":"auto","background-attachment":"scroll","background-type":"","background-media":"","overlay-type":"","overlay-color":"","overlay-opacity":"","overlay-gradient":""}}},"product_brand":[],"product_cat":[18],"product_tag":[],"class_list":{"0":"post-354","1":"product","2":"type-product","3":"status-publish","4":"has-post-thumbnail","6":"product_cat-pressao","7":"desktop-align-center","8":"tablet-align-left","9":"mobile-align-left","11":"first","12":"onbackorder","13":"purchasable","14":"product-type-simple"},"uagb_featured_image_src":{"full":["https:\/\/efatainstrumentos.com.br\/blog\/wp-content\/uploads\/2024\/03\/Transmissor-de-Pressao-EFTRP.jpg",400,400,false],"thumbnail":["https:\/\/efatainstrumentos.com.br\/blog\/wp-content\/uploads\/2024\/03\/Transmissor-de-Pressao-EFTRP-150x150.jpg",150,150,true],"medium":["https:\/\/efatainstrumentos.com.br\/blog\/wp-content\/uploads\/2024\/03\/Transmissor-de-Pressao-EFTRP-300x300.jpg",300,300,true],"medium_large":["https:\/\/efatainstrumentos.com.br\/blog\/wp-content\/uploads\/2024\/03\/Transmissor-de-Pressao-EFTRP.jpg",400,400,false],"large":["https:\/\/efatainstrumentos.com.br\/blog\/wp-content\/uploads\/2024\/03\/Transmissor-de-Pressao-EFTRP.jpg",400,400,false],"1536x1536":["https:\/\/efatainstrumentos.com.br\/blog\/wp-content\/uploads\/2024\/03\/Transmissor-de-Pressao-EFTRP.jpg",400,400,false],"2048x2048":["https:\/\/efatainstrumentos.com.br\/blog\/wp-content\/uploads\/2024\/03\/Transmissor-de-Pressao-EFTRP.jpg",400,400,false],"woocommerce_thumbnail":["https:\/\/efatainstrumentos.com.br\/blog\/wp-content\/uploads\/2024\/03\/Transmissor-de-Pressao-EFTRP-250x250.jpg",250,250,true],"woocommerce_single":["https:\/\/efatainstrumentos.com.br\/blog\/wp-content\/uploads\/2024\/03\/Transmissor-de-Pressao-EFTRP-350x350.jpg",350,350,true],"woocommerce_gallery_thumbnail":["https:\/\/efatainstrumentos.com.br\/blog\/wp-content\/uploads\/2024\/03\/Transmissor-de-Pressao-EFTRP-100x100.jpg",100,100,true]},"uagb_author_info":{"display_name":"admin","author_link":"https:\/\/efatainstrumentos.com.br\/blog\/author\/"},"uagb_comment_info":0,"uagb_excerpt":"CARACTER\u00cdSTICAS: Totalmente em A\u00e7o Inox AISI 304 polido;Sensor Piezoresistivo;Alimenta\u00e7\u00e3o de 15 \u00e0 30 Vdc;Conex\u00f5es \u00bc\u201d , \u00bd\u201d NPT ou BSP, outra especificar;Precis\u00e3o 0,5 % F.E, outra especificar;Sinal de sa\u00edda 4 \u00e0 20 mA ( dois fios ) ou 0 \u00e0 10 Vcc( tr\u00eas fios );Grau de prote\u00e7\u00e3o IP.65, outra especificar;Conector DIN ou pensa cabo;Prote\u00e7\u00e3o total&hellip;","_links":{"self":[{"href":"https:\/\/efatainstrumentos.com.br\/blog\/wp-json\/wp\/v2\/product\/354","targetHints":{"allow":["GET"]}}],"collection":[{"href":"https:\/\/efatainstrumentos.com.br\/blog\/wp-json\/wp\/v2\/product"}],"about":[{"href":"https:\/\/efatainstrumentos.com.br\/blog\/wp-json\/wp\/v2\/types\/product"}],"wp:featuredmedia":[{"embeddable":true,"href":"https:\/\/efatainstrumentos.com.br\/blog\/wp-json\/wp\/v2\/media\/355"}],"wp:attachment":[{"href":"https:\/\/efatainstrumentos.com.br\/blog\/wp-json\/wp\/v2\/media?parent=354"}],"wp:term":[{"taxonomy":"product_brand","embeddable":true,"href":"https:\/\/efatainstrumentos.com.br\/blog\/wp-json\/wp\/v2\/product_brand?post=354"},{"taxonomy":"product_cat","embeddable":true,"href":"https:\/\/efatainstrumentos.com.br\/blog\/wp-json\/wp\/v2\/product_cat?post=354"},{"taxonomy":"product_tag","embeddable":true,"href":"https:\/\/efatainstrumentos.com.br\/blog\/wp-json\/wp\/v2\/product_tag?post=354"}],"curies":[{"name":"wp","href":"https:\/\/api.w.org\/{rel}","templated":true}]}}