{"id":336,"date":"2024-03-04T11:06:06","date_gmt":"2024-03-04T14:06:06","guid":{"rendered":"https:\/\/efatainstrumentos.com.br\/blog\/?post_type=product&#038;p=336"},"modified":"2024-03-04T11:13:59","modified_gmt":"2024-03-04T14:13:59","slug":"manometro-c-caixa-fenol-effe","status":"publish","type":"product","link":"https:\/\/efatainstrumentos.com.br\/blog\/produto\/manometro-c-caixa-fenol-effe\/","title":{"rendered":"Man\u00f4metro c\/ caixa Fenol EFFE"},"content":{"rendered":"\n<p>Man\u00f4metro de processo, em caixa de fenol \u00e0 prova de tempo, internos em a\u00e7o inox, para aplica\u00e7\u00e3o nas ind\u00fastrias petroqu\u00edmicas, qu\u00edmicas, aliment\u00edcias, usinas, entre outras que exigem durabilidade, precis\u00e3o e qualidade. Sua caixa \u00e9 hermeticamente fechada e proporciona ao instrumento elevada resist\u00eancia a impactos.<br><br><strong>CARACTER\u00cdSTICAS T\u00c9CNICAS:<\/strong><br><br><strong>Caixa<\/strong>: fenol (\u00d8externo 160mm) <br><strong>Visor<\/strong>: vidro plano<br><strong>Mecanismo<\/strong>: Inox AISI 304 <br><strong>Rosca<\/strong>: 1\/2&#8243; ou 1\/4&#8243; BSP ou NPT (outra sob consulta)<br><strong>Sensor<\/strong>: bourdon inox AISI 316 <br><strong>Ponteiro<\/strong>: alum\u00ednio com ajuste microm\u00e9trico<br><strong>Soquete<\/strong>: Inox AISI-316<br><strong>Precis\u00e3o<\/strong>: classe A1 (1% fe)<br><strong>Mostrador<\/strong>: alum\u00ednio \u00d8 114mm <br><strong>Escalas<\/strong>: simples ou dupla, desde 0 a 0,6 bar at\u00e9 0 a 1.000 bar. Fabricado em v\u00e1rias unidades (kg\/cm\u00b2, mbar, mmCA, Pa, TON, PSI\u2026), tamb\u00e9m para vacu\u00f4metros e manovacu\u00f4metros. <br><strong>Opcional<\/strong>: enchimento de glicerina para amortecimento do ponteiro em processos com vibra\u00e7\u00e3o. \u00a0\u00a0\u00a0\u00a0\u00a0\u00a0\u00a0\u00a0\u00a0\u00a0\u00a0\u00a0\u00a0\u00a0\u00a0\u00a0\u00a0\u00a0\u00a0<\/p>\n\n\n\n<p><strong>EXECU\u00c7\u00d5ES USUAIS<\/strong>:<\/p>\n\n\n\n<div id=\"section-geee642\" class=\"wp-block-gutentor-e6 section-geee642 gutentor-element gutentor-element-image\"><div class=\"gutentor-element-image-box\"><div class=\"gutentor-image-thumb\"><img decoding=\"async\" class=\"normal-image\" src=\"https:\/\/efatainstrumentos.com.br\/blog\/wp-content\/uploads\/2024\/03\/uso1-4.jpg\" \/><\/div><\/div><\/div>\n\n\n\n<p>1 = sa\u00edda vertical (reto)\u00a0\u00a0\u00a0\u00a0<br>4 = sa\u00edda horizontal (traseira), sem flange\u00a0\u00a0\u00a0\u00a0<br>outras execu\u00e7\u00f5es sob consulta<\/p>\n","protected":false},"excerpt":{"rendered":"<p>Man\u00f4metro de processo, em caixa de fenol \u00e0 prova de tempo, internos em a\u00e7o inox, para aplica\u00e7\u00e3o nas ind\u00fastrias petroqu\u00edmicas, qu\u00edmicas, aliment\u00edcias, usinas, entre outras que exigem durabilidade, precis\u00e3o e qualidade. Sua caixa \u00e9 hermeticamente fechada e proporciona ao instrumento elevada resist\u00eancia a impactos. CARACTER\u00cdSTICAS T\u00c9CNICAS: Caixa: fenol (\u00d8externo 160mm) Visor: vidro planoMecanismo: Inox AISI [&hellip;]<\/p>\n","protected":false},"featured_media":337,"template":"","meta":{"_seopress_robots_primary_cat":"","_seopress_titles_title":"","_seopress_titles_desc":"","_seopress_robots_index":"","_uag_custom_page_level_css":"","site-sidebar-layout":"default","site-content-layout":"","ast-site-content-layout":"default","site-content-style":"default","site-sidebar-style":"default","ast-global-header-display":"","ast-banner-title-visibility":"","ast-main-header-display":"","ast-hfb-above-header-display":"","ast-hfb-below-header-display":"","ast-hfb-mobile-header-display":"","site-post-title":"","ast-breadcrumbs-content":"","ast-featured-img":"","footer-sml-layout":"","ast-disable-related-posts":"","theme-transparent-header-meta":"","adv-header-id-meta":"","stick-header-meta":"","header-above-stick-meta":"","header-main-stick-meta":"","header-below-stick-meta":"","astra-migrate-meta-layouts":"set","ast-page-background-enabled":"default","ast-page-background-meta":{"desktop":{"background-color":"var(--ast-global-color-4)","background-image":"","background-repeat":"repeat","background-position":"center center","background-size":"auto","background-attachment":"scroll","background-type":"","background-media":"","overlay-type":"","overlay-color":"","overlay-opacity":"","overlay-gradient":""},"tablet":{"background-color":"","background-image":"","background-repeat":"repeat","background-position":"center center","background-size":"auto","background-attachment":"scroll","background-type":"","background-media":"","overlay-type":"","overlay-color":"","overlay-opacity":"","overlay-gradient":""},"mobile":{"background-color":"","background-image":"","background-repeat":"repeat","background-position":"center center","background-size":"auto","background-attachment":"scroll","background-type":"","background-media":"","overlay-type":"","overlay-color":"","overlay-opacity":"","overlay-gradient":""}},"ast-content-background-meta":{"desktop":{"background-color":"var(--ast-global-color-5)","background-image":"","background-repeat":"repeat","background-position":"center center","background-size":"auto","background-attachment":"scroll","background-type":"","background-media":"","overlay-type":"","overlay-color":"","overlay-opacity":"","overlay-gradient":""},"tablet":{"background-color":"var(--ast-global-color-5)","background-image":"","background-repeat":"repeat","background-position":"center center","background-size":"auto","background-attachment":"scroll","background-type":"","background-media":"","overlay-type":"","overlay-color":"","overlay-opacity":"","overlay-gradient":""},"mobile":{"background-color":"var(--ast-global-color-5)","background-image":"","background-repeat":"repeat","background-position":"center center","background-size":"auto","background-attachment":"scroll","background-type":"","background-media":"","overlay-type":"","overlay-color":"","overlay-opacity":"","overlay-gradient":""}}},"product_brand":[],"product_cat":[18],"product_tag":[],"class_list":{"0":"post-336","1":"product","2":"type-product","3":"status-publish","4":"has-post-thumbnail","6":"product_cat-pressao","7":"desktop-align-center","8":"tablet-align-left","9":"mobile-align-left","11":"first","12":"onbackorder","13":"purchasable","14":"product-type-simple"},"uagb_featured_image_src":{"full":["https:\/\/efatainstrumentos.com.br\/blog\/wp-content\/uploads\/2024\/03\/Manometro-caixa-Fenol-EFFE.jpg",400,400,false],"thumbnail":["https:\/\/efatainstrumentos.com.br\/blog\/wp-content\/uploads\/2024\/03\/Manometro-caixa-Fenol-EFFE-150x150.jpg",150,150,true],"medium":["https:\/\/efatainstrumentos.com.br\/blog\/wp-content\/uploads\/2024\/03\/Manometro-caixa-Fenol-EFFE-300x300.jpg",300,300,true],"medium_large":["https:\/\/efatainstrumentos.com.br\/blog\/wp-content\/uploads\/2024\/03\/Manometro-caixa-Fenol-EFFE.jpg",400,400,false],"large":["https:\/\/efatainstrumentos.com.br\/blog\/wp-content\/uploads\/2024\/03\/Manometro-caixa-Fenol-EFFE.jpg",400,400,false],"1536x1536":["https:\/\/efatainstrumentos.com.br\/blog\/wp-content\/uploads\/2024\/03\/Manometro-caixa-Fenol-EFFE.jpg",400,400,false],"2048x2048":["https:\/\/efatainstrumentos.com.br\/blog\/wp-content\/uploads\/2024\/03\/Manometro-caixa-Fenol-EFFE.jpg",400,400,false],"woocommerce_thumbnail":["https:\/\/efatainstrumentos.com.br\/blog\/wp-content\/uploads\/2024\/03\/Manometro-caixa-Fenol-EFFE-250x250.jpg",250,250,true],"woocommerce_single":["https:\/\/efatainstrumentos.com.br\/blog\/wp-content\/uploads\/2024\/03\/Manometro-caixa-Fenol-EFFE-350x350.jpg",350,350,true],"woocommerce_gallery_thumbnail":["https:\/\/efatainstrumentos.com.br\/blog\/wp-content\/uploads\/2024\/03\/Manometro-caixa-Fenol-EFFE-100x100.jpg",100,100,true]},"uagb_author_info":{"display_name":"admin","author_link":"https:\/\/efatainstrumentos.com.br\/blog\/author\/"},"uagb_comment_info":0,"uagb_excerpt":"Man\u00f4metro de processo, em caixa de fenol \u00e0 prova de tempo, internos em a\u00e7o inox, para aplica\u00e7\u00e3o nas ind\u00fastrias petroqu\u00edmicas, qu\u00edmicas, aliment\u00edcias, usinas, entre outras que exigem durabilidade, precis\u00e3o e qualidade. Sua caixa \u00e9 hermeticamente fechada e proporciona ao instrumento elevada resist\u00eancia a impactos. CARACTER\u00cdSTICAS T\u00c9CNICAS: Caixa: fenol (\u00d8externo 160mm) Visor: vidro planoMecanismo: Inox AISI&hellip;","_links":{"self":[{"href":"https:\/\/efatainstrumentos.com.br\/blog\/wp-json\/wp\/v2\/product\/336","targetHints":{"allow":["GET"]}}],"collection":[{"href":"https:\/\/efatainstrumentos.com.br\/blog\/wp-json\/wp\/v2\/product"}],"about":[{"href":"https:\/\/efatainstrumentos.com.br\/blog\/wp-json\/wp\/v2\/types\/product"}],"wp:featuredmedia":[{"embeddable":true,"href":"https:\/\/efatainstrumentos.com.br\/blog\/wp-json\/wp\/v2\/media\/337"}],"wp:attachment":[{"href":"https:\/\/efatainstrumentos.com.br\/blog\/wp-json\/wp\/v2\/media?parent=336"}],"wp:term":[{"taxonomy":"product_brand","embeddable":true,"href":"https:\/\/efatainstrumentos.com.br\/blog\/wp-json\/wp\/v2\/product_brand?post=336"},{"taxonomy":"product_cat","embeddable":true,"href":"https:\/\/efatainstrumentos.com.br\/blog\/wp-json\/wp\/v2\/product_cat?post=336"},{"taxonomy":"product_tag","embeddable":true,"href":"https:\/\/efatainstrumentos.com.br\/blog\/wp-json\/wp\/v2\/product_tag?post=336"}],"curies":[{"name":"wp","href":"https:\/\/api.w.org\/{rel}","templated":true}]}}