{"id":331,"date":"2024-03-04T10:51:42","date_gmt":"2024-03-04T13:51:42","guid":{"rendered":"https:\/\/efatainstrumentos.com.br\/blog\/?post_type=product&#038;p=331"},"modified":"2024-03-04T10:56:27","modified_gmt":"2024-03-04T13:56:27","slug":"manometro-capsular-efbp","status":"publish","type":"product","link":"https:\/\/efatainstrumentos.com.br\/blog\/produto\/manometro-capsular-efbp\/","title":{"rendered":"Man\u00f4metro capsular EFBP"},"content":{"rendered":"\n<p>Para medi\u00e7\u00e3o de ar e gases em processos de baixa press\u00e3o, utilizado em ind\u00fastrias de papel e celulose, gr\u00e1ficas, chamin\u00e9s, ar condicionado, queimadores, secadores, teste de vazamentos, queda de press\u00e3o em filtros, etc\u2026<br><br><strong>CARACTER\u00cdSTICAS T\u00c9CNICAS:<\/strong><br><br><strong>Caixa<\/strong>: a\u00e7o estampado ou inox AISI-304 <br><strong>Visor<\/strong>: vidro plano ou policarbonato<br><strong>Mecanismo<\/strong>: Lat\u00e3o ou inox AISI 304 <br><strong>Rosca<\/strong>: 1\/8&#8243;, 1\/4&#8243; ou 1\/2&#8243;, BSP ou NPT<strong> <\/strong>(outra sob consulta)<br><strong>Sensor<\/strong>: c\u00e1psula de lat\u00e3o ou inox AISI 304 <br><strong>Ponteiro<\/strong>: alum\u00ednio<br><strong>Soquete<\/strong>: Lat\u00e3o ou inox AISI-316 <br><strong>Precis\u00e3o<\/strong>: classe B (3\/2\/3%)<br><strong>Mostrador<\/strong>: alum\u00ednio \u00d8 62, 100 e 160mm<br><strong>Escalas<\/strong>: simples ou dupla, desde 0 a 500mmCA at\u00e9 0 a 6.000 mmCA. Fabricado em v\u00e1rias unidades (mbar, mmCA, Pa, kPa, kg\/cm\u00b2\u2026), tamb\u00e9m para vacu\u00f4metros e manovacu\u00f4metros.<\/p>\n\n\n\n<p><strong>EXECU\u00c7\u00d5ES USUAIS<\/strong>:<\/p>\n\n\n\n<div id=\"section-g64552f\" class=\"wp-block-gutentor-e6 section-g64552f gutentor-element gutentor-element-image\"><div class=\"gutentor-element-image-box\"><div class=\"gutentor-image-thumb\"><img decoding=\"async\" class=\"normal-image\" src=\"https:\/\/efatainstrumentos.com.br\/blog\/wp-content\/uploads\/2023\/08\/execucoes-usuais.jpg\" \/><\/div><\/div><\/div>\n\n\n\n<p>1 = sa\u00edda vertical (reto)&nbsp;&nbsp;&nbsp;&nbsp;<br>3 = sa\u00edda vertical com flange traseira para fixa\u00e7\u00e3o mural<br>4 = sa\u00edda horizontal (traseira), sem flange&nbsp;&nbsp;&nbsp;&nbsp;<br>5 = sa\u00edda horizontal (traseira), c\/ flange frontal para painel<br>outras execu\u00e7\u00f5es sob consulta<\/p>\n","protected":false},"excerpt":{"rendered":"<p>Para medi\u00e7\u00e3o de ar e gases em processos de baixa press\u00e3o, utilizado em ind\u00fastrias de papel e celulose, gr\u00e1ficas, chamin\u00e9s, ar condicionado, queimadores, secadores, teste de vazamentos, queda de press\u00e3o em filtros, etc\u2026 CARACTER\u00cdSTICAS T\u00c9CNICAS: Caixa: a\u00e7o estampado ou inox AISI-304 Visor: vidro plano ou policarbonatoMecanismo: Lat\u00e3o ou inox AISI 304 Rosca: 1\/8&#8243;, 1\/4&#8243; ou [&hellip;]<\/p>\n","protected":false},"featured_media":332,"template":"","meta":{"_seopress_robots_primary_cat":"","_seopress_titles_title":"","_seopress_titles_desc":"","_seopress_robots_index":"","_uag_custom_page_level_css":"","site-sidebar-layout":"default","site-content-layout":"","ast-site-content-layout":"default","site-content-style":"default","site-sidebar-style":"default","ast-global-header-display":"","ast-banner-title-visibility":"","ast-main-header-display":"","ast-hfb-above-header-display":"","ast-hfb-below-header-display":"","ast-hfb-mobile-header-display":"","site-post-title":"","ast-breadcrumbs-content":"","ast-featured-img":"","footer-sml-layout":"","ast-disable-related-posts":"","theme-transparent-header-meta":"","adv-header-id-meta":"","stick-header-meta":"","header-above-stick-meta":"","header-main-stick-meta":"","header-below-stick-meta":"","astra-migrate-meta-layouts":"set","ast-page-background-enabled":"default","ast-page-background-meta":{"desktop":{"background-color":"var(--ast-global-color-4)","background-image":"","background-repeat":"repeat","background-position":"center center","background-size":"auto","background-attachment":"scroll","background-type":"","background-media":"","overlay-type":"","overlay-color":"","overlay-opacity":"","overlay-gradient":""},"tablet":{"background-color":"","background-image":"","background-repeat":"repeat","background-position":"center center","background-size":"auto","background-attachment":"scroll","background-type":"","background-media":"","overlay-type":"","overlay-color":"","overlay-opacity":"","overlay-gradient":""},"mobile":{"background-color":"","background-image":"","background-repeat":"repeat","background-position":"center center","background-size":"auto","background-attachment":"scroll","background-type":"","background-media":"","overlay-type":"","overlay-color":"","overlay-opacity":"","overlay-gradient":""}},"ast-content-background-meta":{"desktop":{"background-color":"var(--ast-global-color-5)","background-image":"","background-repeat":"repeat","background-position":"center center","background-size":"auto","background-attachment":"scroll","background-type":"","background-media":"","overlay-type":"","overlay-color":"","overlay-opacity":"","overlay-gradient":""},"tablet":{"background-color":"var(--ast-global-color-5)","background-image":"","background-repeat":"repeat","background-position":"center center","background-size":"auto","background-attachment":"scroll","background-type":"","background-media":"","overlay-type":"","overlay-color":"","overlay-opacity":"","overlay-gradient":""},"mobile":{"background-color":"var(--ast-global-color-5)","background-image":"","background-repeat":"repeat","background-position":"center center","background-size":"auto","background-attachment":"scroll","background-type":"","background-media":"","overlay-type":"","overlay-color":"","overlay-opacity":"","overlay-gradient":""}}},"product_brand":[],"product_cat":[18],"product_tag":[],"class_list":{"0":"post-331","1":"product","2":"type-product","3":"status-publish","4":"has-post-thumbnail","6":"product_cat-pressao","7":"desktop-align-center","8":"tablet-align-left","9":"mobile-align-left","11":"first","12":"onbackorder","13":"purchasable","14":"product-type-simple"},"uagb_featured_image_src":{"full":["https:\/\/efatainstrumentos.com.br\/blog\/wp-content\/uploads\/2024\/03\/Manometro-capsular-EFBP.jpg",400,400,false],"thumbnail":["https:\/\/efatainstrumentos.com.br\/blog\/wp-content\/uploads\/2024\/03\/Manometro-capsular-EFBP-150x150.jpg",150,150,true],"medium":["https:\/\/efatainstrumentos.com.br\/blog\/wp-content\/uploads\/2024\/03\/Manometro-capsular-EFBP-300x300.jpg",300,300,true],"medium_large":["https:\/\/efatainstrumentos.com.br\/blog\/wp-content\/uploads\/2024\/03\/Manometro-capsular-EFBP.jpg",400,400,false],"large":["https:\/\/efatainstrumentos.com.br\/blog\/wp-content\/uploads\/2024\/03\/Manometro-capsular-EFBP.jpg",400,400,false],"1536x1536":["https:\/\/efatainstrumentos.com.br\/blog\/wp-content\/uploads\/2024\/03\/Manometro-capsular-EFBP.jpg",400,400,false],"2048x2048":["https:\/\/efatainstrumentos.com.br\/blog\/wp-content\/uploads\/2024\/03\/Manometro-capsular-EFBP.jpg",400,400,false],"woocommerce_thumbnail":["https:\/\/efatainstrumentos.com.br\/blog\/wp-content\/uploads\/2024\/03\/Manometro-capsular-EFBP-250x250.jpg",250,250,true],"woocommerce_single":["https:\/\/efatainstrumentos.com.br\/blog\/wp-content\/uploads\/2024\/03\/Manometro-capsular-EFBP-350x350.jpg",350,350,true],"woocommerce_gallery_thumbnail":["https:\/\/efatainstrumentos.com.br\/blog\/wp-content\/uploads\/2024\/03\/Manometro-capsular-EFBP-100x100.jpg",100,100,true]},"uagb_author_info":{"display_name":"admin","author_link":"https:\/\/efatainstrumentos.com.br\/blog\/author\/"},"uagb_comment_info":0,"uagb_excerpt":"Para medi\u00e7\u00e3o de ar e gases em processos de baixa press\u00e3o, utilizado em ind\u00fastrias de papel e celulose, gr\u00e1ficas, chamin\u00e9s, ar condicionado, queimadores, secadores, teste de vazamentos, queda de press\u00e3o em filtros, etc\u2026 CARACTER\u00cdSTICAS T\u00c9CNICAS: Caixa: a\u00e7o estampado ou inox AISI-304 Visor: vidro plano ou policarbonatoMecanismo: Lat\u00e3o ou inox AISI 304 Rosca: 1\/8&#8243;, 1\/4&#8243; ou&hellip;","_links":{"self":[{"href":"https:\/\/efatainstrumentos.com.br\/blog\/wp-json\/wp\/v2\/product\/331","targetHints":{"allow":["GET"]}}],"collection":[{"href":"https:\/\/efatainstrumentos.com.br\/blog\/wp-json\/wp\/v2\/product"}],"about":[{"href":"https:\/\/efatainstrumentos.com.br\/blog\/wp-json\/wp\/v2\/types\/product"}],"wp:featuredmedia":[{"embeddable":true,"href":"https:\/\/efatainstrumentos.com.br\/blog\/wp-json\/wp\/v2\/media\/332"}],"wp:attachment":[{"href":"https:\/\/efatainstrumentos.com.br\/blog\/wp-json\/wp\/v2\/media?parent=331"}],"wp:term":[{"taxonomy":"product_brand","embeddable":true,"href":"https:\/\/efatainstrumentos.com.br\/blog\/wp-json\/wp\/v2\/product_brand?post=331"},{"taxonomy":"product_cat","embeddable":true,"href":"https:\/\/efatainstrumentos.com.br\/blog\/wp-json\/wp\/v2\/product_cat?post=331"},{"taxonomy":"product_tag","embeddable":true,"href":"https:\/\/efatainstrumentos.com.br\/blog\/wp-json\/wp\/v2\/product_tag?post=331"}],"curies":[{"name":"wp","href":"https:\/\/api.w.org\/{rel}","templated":true}]}}